{"id":647,"date":"2024-05-13T20:00:44","date_gmt":"2024-05-13T18:00:44","guid":{"rendered":"https:\/\/enigmaticescapegame.fr\/?post_type=product&#038;p=647"},"modified":"2025-06-06T11:47:09","modified_gmt":"2025-06-06T09:47:09","slug":"soiree-loup-garou-bretigny-sur-orge-91220","status":"publish","type":"product","link":"https:\/\/enigmaticescapegame.fr\/index.php\/produit\/soiree-loup-garou-bretigny-sur-orge-91220\/","title":{"rendered":"Soir\u00e9e Loup-Garou &#8211; Br\u00e9tigny-sur-Orge (91)"},"content":{"rendered":"<p>Participez \u00e0 notre loup-Garou dans une ambiance atypique et conviviale !<\/p>\n<p>Pour toute participation un soft vous sera offert.<\/p>\n","protected":false},"excerpt":{"rendered":"<p>Participez \u00e0 notre loup-Garou dans une ambiance atypique et conviviale ! Pour toute participation un soft vous sera offert.<\/p>\n","protected":false},"featured_media":673,"template":"","meta":[],"product_cat":[24],"product_tag":[],"class_list":{"0":"post-647","1":"product","2":"type-product","3":"status-publish","4":"has-post-thumbnail","6":"product_cat-soirees-jeux","7":"bookacti-activity","9":"entry","10":"has-media","12":"first","13":"instock","14":"virtual","15":"purchasable","16":"product-type-simple","17":"col","18":"span_1_of_5","19":"owp-content-center","20":"owp-thumbs-layout-horizontal","21":"owp-btn-normal","22":"owp-tabs-layout-horizontal","23":"has-no-thumbnails"},"jetpack_sharing_enabled":true,"_links":{"self":[{"href":"https:\/\/enigmaticescapegame.fr\/index.php\/wp-json\/wp\/v2\/product\/647","targetHints":{"allow":["GET"]}}],"collection":[{"href":"https:\/\/enigmaticescapegame.fr\/index.php\/wp-json\/wp\/v2\/product"}],"about":[{"href":"https:\/\/enigmaticescapegame.fr\/index.php\/wp-json\/wp\/v2\/types\/product"}],"version-history":[{"count":5,"href":"https:\/\/enigmaticescapegame.fr\/index.php\/wp-json\/wp\/v2\/product\/647\/revisions"}],"predecessor-version":[{"id":672,"href":"https:\/\/enigmaticescapegame.fr\/index.php\/wp-json\/wp\/v2\/product\/647\/revisions\/672"}],"wp:featuredmedia":[{"embeddable":true,"href":"https:\/\/enigmaticescapegame.fr\/index.php\/wp-json\/wp\/v2\/media\/673"}],"wp:attachment":[{"href":"https:\/\/enigmaticescapegame.fr\/index.php\/wp-json\/wp\/v2\/media?parent=647"}],"wp:term":[{"taxonomy":"product_cat","embeddable":true,"href":"https:\/\/enigmaticescapegame.fr\/index.php\/wp-json\/wp\/v2\/product_cat?post=647"},{"taxonomy":"product_tag","embeddable":true,"href":"https:\/\/enigmaticescapegame.fr\/index.php\/wp-json\/wp\/v2\/product_tag?post=647"}],"curies":[{"name":"wp","href":"https:\/\/api.w.org\/{rel}","templated":true}]}}