{"id":1680,"date":"2025-08-26T16:43:52","date_gmt":"2025-08-26T14:43:52","guid":{"rendered":"https:\/\/enigmaticescapegame.fr\/?post_type=product&#038;p=1680"},"modified":"2025-09-02T18:45:53","modified_gmt":"2025-09-02T16:45:53","slug":"tournois-yu-gi-oh","status":"publish","type":"product","link":"https:\/\/enigmaticescapegame.fr\/index.php\/produit\/tournois-yu-gi-oh\/","title":{"rendered":"TOURNOIS YU-GI-OH !"},"content":{"rendered":"<p>Pr\u00e9parez vos decks et aff\u00fbtez vos strat\u00e9gies !<br \/>\nUn tournoi Yu-Gi-Oh! est organis\u00e9\u00a0\ud83c\udfc6<\/p>\n<p>\ud83d\udcc5\u00a0Date : 15\/09\/2025<br \/>\n\u23f0\u00a0Heure : 18h00<\/p>\n<p>\u27a1\ufe0f\u00a0Format du tournoi : MAX 4 ROUNDS SUISSE<br \/>\n\u27a1\ufe0f\u00a0Frais d\u2019inscription : 8\u20ac<br \/>\n\u27a1\ufe0f\u00a0R\u00e9compenses<\/p>\n<p>\u26a1\u00a0Que vous soyez duelliste d\u00e9butant ou joueur confirm\u00e9, venez partager un moment convivial et montrer la puissance de vos cartes !<\/p>\n","protected":false},"excerpt":{"rendered":"<p>Pr\u00e9parez vos decks et aff\u00fbtez vos strat\u00e9gies !<br \/>\nUn tournoi Yu-Gi-Oh! est organis\u00e9\u00a0\ud83c\udfc6<\/p>\n<p>&nbsp;<\/p>\n","protected":false},"featured_media":1471,"template":"","meta":[],"product_cat":[15],"product_tag":[],"class_list":{"0":"post-1680","1":"product","2":"type-product","3":"status-publish","4":"has-post-thumbnail","6":"product_cat-non-classe","8":"entry","9":"has-media","11":"first","12":"instock","13":"virtual","14":"purchasable","15":"product-type-simple","16":"col","17":"span_1_of_5","18":"owp-content-center","19":"owp-thumbs-layout-horizontal","20":"owp-btn-normal","21":"owp-tabs-layout-horizontal","22":"has-no-thumbnails"},"jetpack_sharing_enabled":true,"_links":{"self":[{"href":"https:\/\/enigmaticescapegame.fr\/index.php\/wp-json\/wp\/v2\/product\/1680","targetHints":{"allow":["GET"]}}],"collection":[{"href":"https:\/\/enigmaticescapegame.fr\/index.php\/wp-json\/wp\/v2\/product"}],"about":[{"href":"https:\/\/enigmaticescapegame.fr\/index.php\/wp-json\/wp\/v2\/types\/product"}],"version-history":[{"count":1,"href":"https:\/\/enigmaticescapegame.fr\/index.php\/wp-json\/wp\/v2\/product\/1680\/revisions"}],"predecessor-version":[{"id":1681,"href":"https:\/\/enigmaticescapegame.fr\/index.php\/wp-json\/wp\/v2\/product\/1680\/revisions\/1681"}],"wp:featuredmedia":[{"embeddable":true,"href":"https:\/\/enigmaticescapegame.fr\/index.php\/wp-json\/wp\/v2\/media\/1471"}],"wp:attachment":[{"href":"https:\/\/enigmaticescapegame.fr\/index.php\/wp-json\/wp\/v2\/media?parent=1680"}],"wp:term":[{"taxonomy":"product_cat","embeddable":true,"href":"https:\/\/enigmaticescapegame.fr\/index.php\/wp-json\/wp\/v2\/product_cat?post=1680"},{"taxonomy":"product_tag","embeddable":true,"href":"https:\/\/enigmaticescapegame.fr\/index.php\/wp-json\/wp\/v2\/product_tag?post=1680"}],"curies":[{"name":"wp","href":"https:\/\/api.w.org\/{rel}","templated":true}]}}