{"id":438,"date":"2024-05-02T22:34:39","date_gmt":"2024-05-02T20:34:39","guid":{"rendered":"https:\/\/enigmaticescapegame.fr\/?page_id=438"},"modified":"2024-05-03T19:05:40","modified_gmt":"2024-05-03T17:05:40","slug":"jeu-de-piste","status":"publish","type":"page","link":"https:\/\/enigmaticescapegame.fr\/index.php\/jeu-de-piste\/","title":{"rendered":"Jeu de piste"},"content":{"rendered":"\t\t<div data-elementor-type=\"wp-page\" data-elementor-id=\"438\" class=\"elementor elementor-438\">\n\t\t\t\t<div class=\"elementor-element elementor-element-dd6ae8c e-flex e-con-boxed e-con e-parent\" data-id=\"dd6ae8c\" data-element_type=\"container\">\n\t\t\t\t\t<div class=\"e-con-inner\">\n\t\t\t\t<div class=\"elementor-element elementor-element-e5f9838 elementor-widget elementor-widget-image\" data-id=\"e5f9838\" data-element_type=\"widget\" data-widget_type=\"image.default\">\n\t\t\t\t<div class=\"elementor-widget-container\">\n\t\t\t<style>\/*! elementor - v3.21.0 - 30-04-2024 *\/\n.elementor-widget-image{text-align:center}.elementor-widget-image a{display:inline-block}.elementor-widget-image a img[src$=\".svg\"]{width:48px}.elementor-widget-image img{vertical-align:middle;display:inline-block}<\/style>\t\t\t\t\t\t\t\t\t\t<img fetchpriority=\"high\" decoding=\"async\" width=\"1024\" height=\"427\" src=\"https:\/\/enigmaticescapegame.fr\/wp-content\/uploads\/2024\/05\/Bienvenue-dans-le-jeu-de-piste-1-1024x427.jpg\" class=\"attachment-large size-large wp-image-441\" alt=\"\" srcset=\"https:\/\/enigmaticescapegame.fr\/wp-content\/uploads\/2024\/05\/Bienvenue-dans-le-jeu-de-piste-1-1024x427.jpg 1024w, https:\/\/enigmaticescapegame.fr\/wp-content\/uploads\/2024\/05\/Bienvenue-dans-le-jeu-de-piste-1-300x125.jpg 300w, https:\/\/enigmaticescapegame.fr\/wp-content\/uploads\/2024\/05\/Bienvenue-dans-le-jeu-de-piste-1-768x320.jpg 768w, https:\/\/enigmaticescapegame.fr\/wp-content\/uploads\/2024\/05\/Bienvenue-dans-le-jeu-de-piste-1-1536x640.jpg 1536w, https:\/\/enigmaticescapegame.fr\/wp-content\/uploads\/2024\/05\/Bienvenue-dans-le-jeu-de-piste-1-600x250.jpg 600w, https:\/\/enigmaticescapegame.fr\/wp-content\/uploads\/2024\/05\/Bienvenue-dans-le-jeu-de-piste-1.jpg 1920w\" sizes=\"(max-width: 1024px) 100vw, 1024px\" \/>\t\t\t\t\t\t\t\t\t\t\t\t\t<\/div>\n\t\t\t\t<\/div>\n\t\t\t\t<div class=\"elementor-element elementor-element-83cdf01 elementor-widget elementor-widget-text-editor\" data-id=\"83cdf01\" data-element_type=\"widget\" data-widget_type=\"text-editor.default\">\n\t\t\t\t<div class=\"elementor-widget-container\">\n\t\t\t<style>\/*! elementor - v3.21.0 - 30-04-2024 *\/\n.elementor-widget-text-editor.elementor-drop-cap-view-stacked .elementor-drop-cap{background-color:#69727d;color:#fff}.elementor-widget-text-editor.elementor-drop-cap-view-framed .elementor-drop-cap{color:#69727d;border:3px solid;background-color:transparent}.elementor-widget-text-editor:not(.elementor-drop-cap-view-default) .elementor-drop-cap{margin-top:8px}.elementor-widget-text-editor:not(.elementor-drop-cap-view-default) .elementor-drop-cap-letter{width:1em;height:1em}.elementor-widget-text-editor .elementor-drop-cap{float:left;text-align:center;line-height:1;font-size:50px}.elementor-widget-text-editor .elementor-drop-cap-letter{display:inline-block}<\/style>\t\t\t\t<p>Participez au jeu de piste organis\u00e9 par Enigmatic Escape Game MLV !\u00a0<\/p><p>Chaque jour, du 20 au 26 mai 2024, nous postons un indice en story sur Instagram (@enigmatic_escapegame_mlv)<\/p><p>Gr\u00e2ce \u00e0 l&rsquo;indice, identifiez le commer\u00e7ant partenaire chez qui vous devez r\u00e9cup\u00e9rer le code secret.<\/p><p>Une fois le code secret obtenu, rentrez le sur la page correspondant au jour de l&rsquo;indice pour d\u00e9couvrir votre lot !\u00a0<\/p><p>Abonnez-vous d\u00e8s \u00e0 pr\u00e9sent \u00e0 notre compte Instagram pour ne rien rater.<\/p><p>Bonne chance \u00e0 tous !\u00a0<\/p><p>\u00a0<\/p>\t\t\t\t\t\t<\/div>\n\t\t\t\t<\/div>\n\t\t\t\t<div class=\"elementor-element elementor-element-fdaf1c9 elementor-widget elementor-widget-text-editor\" data-id=\"fdaf1c9\" data-element_type=\"widget\" data-widget_type=\"text-editor.default\">\n\t\t\t\t<div class=\"elementor-widget-container\">\n\t\t\t\t\t\t\t<p>Vous avez r\u00e9cup\u00e9r\u00e9 le code secret chez un de nos partenaires ? S\u00e9lectionnez le jour correspondant et entrez le code pour voir votre lot !\u00a0<\/p>\t\t\t\t\t\t<\/div>\n\t\t\t\t<\/div>\n\t\t\t\t<div class=\"elementor-element elementor-element-5497e75 elementor-widget elementor-widget-image\" data-id=\"5497e75\" data-element_type=\"widget\" data-widget_type=\"image.default\">\n\t\t\t\t<div class=\"elementor-widget-container\">\n\t\t\t\t\t\t\t\t\t\t\t\t\t\t<a href=\"https:\/\/enigmaticescapegame.fr\/index.php\/jeu-de-piste-jour-1\/\">\n\t\t\t\t\t\t\t<img decoding=\"async\" width=\"1024\" height=\"284\" src=\"https:\/\/enigmaticescapegame.fr\/wp-content\/uploads\/2024\/05\/Jour-1--1024x284.png\" class=\"attachment-large size-large wp-image-461\" alt=\"\" srcset=\"https:\/\/enigmaticescapegame.fr\/wp-content\/uploads\/2024\/05\/Jour-1--1024x284.png 1024w, https:\/\/enigmaticescapegame.fr\/wp-content\/uploads\/2024\/05\/Jour-1--300x83.png 300w, https:\/\/enigmaticescapegame.fr\/wp-content\/uploads\/2024\/05\/Jour-1--768x213.png 768w, https:\/\/enigmaticescapegame.fr\/wp-content\/uploads\/2024\/05\/Jour-1--600x167.png 600w, https:\/\/enigmaticescapegame.fr\/wp-content\/uploads\/2024\/05\/Jour-1-.png 1080w\" sizes=\"(max-width: 1024px) 100vw, 1024px\" \/>\t\t\t\t\t\t\t\t<\/a>\n\t\t\t\t\t\t\t\t\t\t\t\t\t<\/div>\n\t\t\t\t<\/div>\n\t\t\t\t<div class=\"elementor-element elementor-element-90d5c36 elementor-widget elementor-widget-image\" data-id=\"90d5c36\" data-element_type=\"widget\" data-widget_type=\"image.default\">\n\t\t\t\t<div class=\"elementor-widget-container\">\n\t\t\t\t\t\t\t\t\t\t\t\t\t\t<a href=\"https:\/\/enigmaticescapegame.fr\/index.php\/jeu-de-piste-jour-2\/\">\n\t\t\t\t\t\t\t<img decoding=\"async\" width=\"1024\" height=\"284\" src=\"https:\/\/enigmaticescapegame.fr\/wp-content\/uploads\/2024\/05\/Jour-1-1-1024x284.png\" class=\"attachment-large size-large wp-image-462\" alt=\"\" srcset=\"https:\/\/enigmaticescapegame.fr\/wp-content\/uploads\/2024\/05\/Jour-1-1-1024x284.png 1024w, https:\/\/enigmaticescapegame.fr\/wp-content\/uploads\/2024\/05\/Jour-1-1-300x83.png 300w, https:\/\/enigmaticescapegame.fr\/wp-content\/uploads\/2024\/05\/Jour-1-1-768x213.png 768w, https:\/\/enigmaticescapegame.fr\/wp-content\/uploads\/2024\/05\/Jour-1-1-600x167.png 600w, https:\/\/enigmaticescapegame.fr\/wp-content\/uploads\/2024\/05\/Jour-1-1.png 1080w\" sizes=\"(max-width: 1024px) 100vw, 1024px\" \/>\t\t\t\t\t\t\t\t<\/a>\n\t\t\t\t\t\t\t\t\t\t\t\t\t<\/div>\n\t\t\t\t<\/div>\n\t\t\t\t<div class=\"elementor-element elementor-element-5810932 elementor-widget elementor-widget-image\" data-id=\"5810932\" data-element_type=\"widget\" data-widget_type=\"image.default\">\n\t\t\t\t<div class=\"elementor-widget-container\">\n\t\t\t\t\t\t\t\t\t\t\t\t\t\t<a href=\"https:\/\/enigmaticescapegame.fr\/index.php\/jeu-de-piste-jour-3\/\">\n\t\t\t\t\t\t\t<img loading=\"lazy\" decoding=\"async\" width=\"1024\" height=\"284\" src=\"https:\/\/enigmaticescapegame.fr\/wp-content\/uploads\/2024\/05\/Jour-1-3-1024x284.png\" class=\"attachment-large size-large wp-image-464\" alt=\"\" srcset=\"https:\/\/enigmaticescapegame.fr\/wp-content\/uploads\/2024\/05\/Jour-1-3-1024x284.png 1024w, https:\/\/enigmaticescapegame.fr\/wp-content\/uploads\/2024\/05\/Jour-1-3-300x83.png 300w, https:\/\/enigmaticescapegame.fr\/wp-content\/uploads\/2024\/05\/Jour-1-3-768x213.png 768w, https:\/\/enigmaticescapegame.fr\/wp-content\/uploads\/2024\/05\/Jour-1-3-600x167.png 600w, https:\/\/enigmaticescapegame.fr\/wp-content\/uploads\/2024\/05\/Jour-1-3.png 1080w\" sizes=\"(max-width: 1024px) 100vw, 1024px\" \/>\t\t\t\t\t\t\t\t<\/a>\n\t\t\t\t\t\t\t\t\t\t\t\t\t<\/div>\n\t\t\t\t<\/div>\n\t\t\t\t<div class=\"elementor-element elementor-element-a80e3df elementor-widget elementor-widget-image\" data-id=\"a80e3df\" data-element_type=\"widget\" data-widget_type=\"image.default\">\n\t\t\t\t<div class=\"elementor-widget-container\">\n\t\t\t\t\t\t\t\t\t\t\t\t\t\t<a href=\"https:\/\/enigmaticescapegame.fr\/index.php\/jeu-de-piste-jour-4\/\">\n\t\t\t\t\t\t\t<img loading=\"lazy\" decoding=\"async\" width=\"1024\" height=\"284\" src=\"https:\/\/enigmaticescapegame.fr\/wp-content\/uploads\/2024\/05\/Jour-1-5-1024x284.png\" class=\"attachment-large size-large wp-image-465\" alt=\"\" srcset=\"https:\/\/enigmaticescapegame.fr\/wp-content\/uploads\/2024\/05\/Jour-1-5-1024x284.png 1024w, https:\/\/enigmaticescapegame.fr\/wp-content\/uploads\/2024\/05\/Jour-1-5-300x83.png 300w, https:\/\/enigmaticescapegame.fr\/wp-content\/uploads\/2024\/05\/Jour-1-5-768x213.png 768w, https:\/\/enigmaticescapegame.fr\/wp-content\/uploads\/2024\/05\/Jour-1-5-600x167.png 600w, https:\/\/enigmaticescapegame.fr\/wp-content\/uploads\/2024\/05\/Jour-1-5.png 1080w\" sizes=\"(max-width: 1024px) 100vw, 1024px\" \/>\t\t\t\t\t\t\t\t<\/a>\n\t\t\t\t\t\t\t\t\t\t\t\t\t<\/div>\n\t\t\t\t<\/div>\n\t\t\t\t<div class=\"elementor-element elementor-element-eb45c4b elementor-widget elementor-widget-image\" data-id=\"eb45c4b\" data-element_type=\"widget\" data-widget_type=\"image.default\">\n\t\t\t\t<div class=\"elementor-widget-container\">\n\t\t\t\t\t\t\t\t\t\t\t\t\t\t<a href=\"https:\/\/enigmaticescapegame.fr\/index.php\/jeu-de-piste-jour-5\/\">\n\t\t\t\t\t\t\t<img loading=\"lazy\" decoding=\"async\" width=\"1024\" height=\"284\" src=\"https:\/\/enigmaticescapegame.fr\/wp-content\/uploads\/2024\/05\/Jour-1-6-1024x284.png\" class=\"attachment-large size-large wp-image-466\" alt=\"\" srcset=\"https:\/\/enigmaticescapegame.fr\/wp-content\/uploads\/2024\/05\/Jour-1-6-1024x284.png 1024w, https:\/\/enigmaticescapegame.fr\/wp-content\/uploads\/2024\/05\/Jour-1-6-300x83.png 300w, https:\/\/enigmaticescapegame.fr\/wp-content\/uploads\/2024\/05\/Jour-1-6-768x213.png 768w, https:\/\/enigmaticescapegame.fr\/wp-content\/uploads\/2024\/05\/Jour-1-6-600x167.png 600w, https:\/\/enigmaticescapegame.fr\/wp-content\/uploads\/2024\/05\/Jour-1-6.png 1080w\" sizes=\"(max-width: 1024px) 100vw, 1024px\" \/>\t\t\t\t\t\t\t\t<\/a>\n\t\t\t\t\t\t\t\t\t\t\t\t\t<\/div>\n\t\t\t\t<\/div>\n\t\t\t\t<div class=\"elementor-element elementor-element-187721b elementor-widget elementor-widget-image\" data-id=\"187721b\" data-element_type=\"widget\" data-widget_type=\"image.default\">\n\t\t\t\t<div class=\"elementor-widget-container\">\n\t\t\t\t\t\t\t\t\t\t\t\t\t\t<a href=\"https:\/\/enigmaticescapegame.fr\/index.php\/jeu-de-piste-jour-6\/\">\n\t\t\t\t\t\t\t<img loading=\"lazy\" decoding=\"async\" width=\"1024\" height=\"284\" src=\"https:\/\/enigmaticescapegame.fr\/wp-content\/uploads\/2024\/05\/Jour-1-7-1024x284.png\" class=\"attachment-large size-large wp-image-467\" alt=\"\" srcset=\"https:\/\/enigmaticescapegame.fr\/wp-content\/uploads\/2024\/05\/Jour-1-7-1024x284.png 1024w, https:\/\/enigmaticescapegame.fr\/wp-content\/uploads\/2024\/05\/Jour-1-7-300x83.png 300w, https:\/\/enigmaticescapegame.fr\/wp-content\/uploads\/2024\/05\/Jour-1-7-768x213.png 768w, https:\/\/enigmaticescapegame.fr\/wp-content\/uploads\/2024\/05\/Jour-1-7-600x167.png 600w, https:\/\/enigmaticescapegame.fr\/wp-content\/uploads\/2024\/05\/Jour-1-7.png 1080w\" sizes=\"(max-width: 1024px) 100vw, 1024px\" \/>\t\t\t\t\t\t\t\t<\/a>\n\t\t\t\t\t\t\t\t\t\t\t\t\t<\/div>\n\t\t\t\t<\/div>\n\t\t\t\t<div class=\"elementor-element elementor-element-7892e78 elementor-widget elementor-widget-image\" data-id=\"7892e78\" data-element_type=\"widget\" data-widget_type=\"image.default\">\n\t\t\t\t<div class=\"elementor-widget-container\">\n\t\t\t\t\t\t\t\t\t\t\t\t\t\t<a href=\"https:\/\/enigmaticescapegame.fr\/index.php\/jeu-de-piste-jour-7\/\">\n\t\t\t\t\t\t\t<img loading=\"lazy\" decoding=\"async\" width=\"1024\" height=\"284\" src=\"https:\/\/enigmaticescapegame.fr\/wp-content\/uploads\/2024\/05\/Jour-1-8-1024x284.png\" class=\"attachment-large size-large wp-image-468\" alt=\"\" srcset=\"https:\/\/enigmaticescapegame.fr\/wp-content\/uploads\/2024\/05\/Jour-1-8-1024x284.png 1024w, https:\/\/enigmaticescapegame.fr\/wp-content\/uploads\/2024\/05\/Jour-1-8-300x83.png 300w, https:\/\/enigmaticescapegame.fr\/wp-content\/uploads\/2024\/05\/Jour-1-8-768x213.png 768w, https:\/\/enigmaticescapegame.fr\/wp-content\/uploads\/2024\/05\/Jour-1-8-600x167.png 600w, https:\/\/enigmaticescapegame.fr\/wp-content\/uploads\/2024\/05\/Jour-1-8.png 1080w\" sizes=\"(max-width: 1024px) 100vw, 1024px\" \/>\t\t\t\t\t\t\t\t<\/a>\n\t\t\t\t\t\t\t\t\t\t\t\t\t<\/div>\n\t\t\t\t<\/div>\n\t\t\t\t\t<\/div>\n\t\t\t\t<\/div>\n\t\t\t\t<\/div>\n\t\t","protected":false},"excerpt":{"rendered":"<p>Participez au jeu de piste organis\u00e9 par Enigmatic Escape Game MLV !\u00a0 Chaque jour, du 20 au 26 mai 2024, nous postons un indice en story sur Instagram (@enigmatic_escapegame_mlv) Gr\u00e2ce \u00e0 l&rsquo;indice, identifiez le commer\u00e7ant partenaire chez qui vous devez r\u00e9cup\u00e9rer le code secret. Une fois le code secret obtenu, rentrez le sur la page [&hellip;]<\/p>\n","protected":false},"author":2,"featured_media":0,"parent":0,"menu_order":0,"comment_status":"closed","ping_status":"closed","template":"","meta":{"footnotes":""},"class_list":["post-438","page","type-page","status-publish","hentry","entry","owp-thumbs-layout-horizontal","owp-btn-normal","owp-tabs-layout-horizontal","has-no-thumbnails"],"jetpack_sharing_enabled":true,"_links":{"self":[{"href":"https:\/\/enigmaticescapegame.fr\/index.php\/wp-json\/wp\/v2\/pages\/438","targetHints":{"allow":["GET"]}}],"collection":[{"href":"https:\/\/enigmaticescapegame.fr\/index.php\/wp-json\/wp\/v2\/pages"}],"about":[{"href":"https:\/\/enigmaticescapegame.fr\/index.php\/wp-json\/wp\/v2\/types\/page"}],"author":[{"embeddable":true,"href":"https:\/\/enigmaticescapegame.fr\/index.php\/wp-json\/wp\/v2\/users\/2"}],"replies":[{"embeddable":true,"href":"https:\/\/enigmaticescapegame.fr\/index.php\/wp-json\/wp\/v2\/comments?post=438"}],"version-history":[{"count":61,"href":"https:\/\/enigmaticescapegame.fr\/index.php\/wp-json\/wp\/v2\/pages\/438\/revisions"}],"predecessor-version":[{"id":591,"href":"https:\/\/enigmaticescapegame.fr\/index.php\/wp-json\/wp\/v2\/pages\/438\/revisions\/591"}],"wp:attachment":[{"href":"https:\/\/enigmaticescapegame.fr\/index.php\/wp-json\/wp\/v2\/media?parent=438"}],"curies":[{"name":"wp","href":"https:\/\/api.w.org\/{rel}","templated":true}]}}