{"id":107,"date":"2024-03-05T22:57:57","date_gmt":"2024-03-05T21:57:57","guid":{"rendered":"https:\/\/enigmaticescapegame.fr\/?page_id=107"},"modified":"2024-03-07T17:21:44","modified_gmt":"2024-03-07T16:21:44","slug":"mentions-legales","status":"publish","type":"page","link":"https:\/\/enigmaticescapegame.fr\/index.php\/mentions-legales\/","title":{"rendered":"Mentions l\u00e9gales et politique de confidentialit\u00e9"},"content":{"rendered":"\t\t<div data-elementor-type=\"wp-page\" data-elementor-id=\"107\" class=\"elementor elementor-107\">\n\t\t\t\t<div class=\"elementor-element elementor-element-6858b70 e-flex e-con-boxed e-con e-parent\" data-id=\"6858b70\" data-element_type=\"container\">\n\t\t\t\t\t<div class=\"e-con-inner\">\n\t\t\t\t<div class=\"elementor-element elementor-element-cc008bc elementor-widget elementor-widget-heading\" data-id=\"cc008bc\" data-element_type=\"widget\" data-widget_type=\"heading.default\">\n\t\t\t\t<div class=\"elementor-widget-container\">\n\t\t\t<style>\/*! elementor - v3.21.0 - 30-04-2024 *\/\n.elementor-heading-title{padding:0;margin:0;line-height:1}.elementor-widget-heading .elementor-heading-title[class*=elementor-size-]>a{color:inherit;font-size:inherit;line-height:inherit}.elementor-widget-heading .elementor-heading-title.elementor-size-small{font-size:15px}.elementor-widget-heading .elementor-heading-title.elementor-size-medium{font-size:19px}.elementor-widget-heading .elementor-heading-title.elementor-size-large{font-size:29px}.elementor-widget-heading .elementor-heading-title.elementor-size-xl{font-size:39px}.elementor-widget-heading .elementor-heading-title.elementor-size-xxl{font-size:59px}<\/style><h2 class=\"elementor-heading-title elementor-size-default\">Mentions l\u00e9gales <\/h2>\t\t<\/div>\n\t\t\t\t<\/div>\n\t\t\t\t<div class=\"elementor-element elementor-element-9b5ddc7 elementor-widget elementor-widget-text-editor\" data-id=\"9b5ddc7\" data-element_type=\"widget\" data-widget_type=\"text-editor.default\">\n\t\t\t\t<div class=\"elementor-widget-container\">\n\t\t\t<style>\/*! elementor - v3.21.0 - 30-04-2024 *\/\n.elementor-widget-text-editor.elementor-drop-cap-view-stacked .elementor-drop-cap{background-color:#69727d;color:#fff}.elementor-widget-text-editor.elementor-drop-cap-view-framed .elementor-drop-cap{color:#69727d;border:3px solid;background-color:transparent}.elementor-widget-text-editor:not(.elementor-drop-cap-view-default) .elementor-drop-cap{margin-top:8px}.elementor-widget-text-editor:not(.elementor-drop-cap-view-default) .elementor-drop-cap-letter{width:1em;height:1em}.elementor-widget-text-editor .elementor-drop-cap{float:left;text-align:center;line-height:1;font-size:50px}.elementor-widget-text-editor .elementor-drop-cap-letter{display:inline-block}<\/style>\t\t\t\t<p>Conform\u00e9ment aux dispositions des articles 6-III et 19 de la loi pour la Confiance dans l&rsquo;\u00c9conomie Num\u00e9rique, nous vous informons que :<\/p><p><strong>\u2022<\/strong> <strong>D\u00e9nomination \/ Nom commercial :<\/strong> Enigmatic Live Escape Game<br \/><strong>\u2022<\/strong> <strong>Si\u00e8ge social :<\/strong> 8, avenue James De Rothschild &#8211; 77164 FERRI\u00c8RES EN BRIE<br \/><strong>\u2022 Soci\u00e9t\u00e9 :<\/strong> SAS Enigame MLV<br \/><strong>\u2022 Directeur de publication :<\/strong> ENIGAME MLV<br \/><strong>\u2022 H\u00e9bergement du site :<\/strong> En France chez OVH<br \/><strong>\u2022 Conception et r\u00e9alisation :<\/strong> ENIGAME MLV<\/p>\t\t\t\t\t\t<\/div>\n\t\t\t\t<\/div>\n\t\t\t\t<div class=\"elementor-element elementor-element-6b16b90 elementor-widget elementor-widget-heading\" data-id=\"6b16b90\" data-element_type=\"widget\" data-widget_type=\"heading.default\">\n\t\t\t\t<div class=\"elementor-widget-container\">\n\t\t\t<h2 class=\"elementor-heading-title elementor-size-default\">Politique de confidentialit\u00e9<\/h2>\t\t<\/div>\n\t\t\t\t<\/div>\n\t\t\t\t<div class=\"elementor-element elementor-element-c8dd70c elementor-widget elementor-widget-text-editor\" data-id=\"c8dd70c\" data-element_type=\"widget\" data-widget_type=\"text-editor.default\">\n\t\t\t\t<div class=\"elementor-widget-container\">\n\t\t\t\t\t\t\t<p><strong>Pr\u00e9ambule et d\u00e9finitions<\/strong><\/p><p>ENIGAME MLV accorde une importance particuli\u00e8re \u00e0 la confidentialit\u00e9 et \u00e0 la s\u00e9curit\u00e9 de vos donn\u00e9es. C&rsquo;est pourquoi nous mettons tout en \u0153uvre pour respecter vos droits relatifs \u00e0 la protection des donn\u00e9es personnelles.<\/p><p>Conform\u00e9ment \u00e0 la loi \u00ab informatique et libert\u00e9s \u00bb n\u00b078-17 du 6 janvier 1978, ainsi qu&rsquo;au nouveau r\u00e8glement g\u00e9n\u00e9ral de la protection des donn\u00e9es (RGPD), vous disposez d&rsquo;un droit d&rsquo;acc\u00e8s, de modification, de rectification et de suppression des donn\u00e9es qui vous concernent.<\/p><p>La pr\u00e9sente Politique de Confidentialit\u00e9 vise \u00e0 vous donner toutes les informations relatives \u00e0 la protection de vos donn\u00e9es personnelles mise en place par ENIGAME MLV.<\/p><p><strong>Donn\u00e9es personnelles<\/strong><\/p><p>Les \u00ab donn\u00e9es personnelles \u00bb d\u00e9signent l&rsquo;ensemble des donn\u00e9es que nous sommes susceptibles d&rsquo;enregistrer par le biais de nos formulaires et qui peuvent permettre de vous identifier.<br \/>Concr\u00e8tement, cela peut aller de la simple adresse mail ou de votre num\u00e9ro de t\u00e9l\u00e9phone en passant par vos nom, pr\u00e9nom, adresse ou m\u00eame des donn\u00e9es plus \u00ab sensibles \u00bb comme des informations sur votre activit\u00e9 ou encore sur votre entreprise.<\/p><p><strong>Collecte et consentement<\/strong><\/p><p>Tous les formulaires pr\u00e9sents sur les sites ENIGMATIC.fr sont conformes au RGPD. Aussi lorsque vous remplirez l&rsquo;un de nos formulaires, vous reconnaissez avoir pris connaissance de la pr\u00e9sente Politique de confidentialit\u00e9 et vous convenez et acceptez que ENIGAME MLV puisse recueillir, traiter, stocker et\/ou utiliser ces donn\u00e9es personnelles dans le respect des r\u00e8gles de s\u00e9curit\u00e9 et de confidentialit\u00e9 expos\u00e9es ci-apr\u00e8s.<\/p><p><strong>Identit\u00e9 et responsable du traitement de vos donn\u00e9es personnelles<\/strong><\/p><p>L&rsquo;ensemble des donn\u00e9es personnelles sont collect\u00e9es sur notre site :<\/p><p>www.enigmaticescapegame.fr par la soci\u00e9t\u00e9 ENIGAME MLV immatricul\u00e9e au RCS de Meaux sous le n\u00b0 819 485 467 et dont le si\u00e8ge social se situe : 8 avenue James de Rotschild.77164 FERRIERES- EN -BRIE<\/p><p><strong>Donn\u00e9es collect\u00e9es sur le site<\/strong><\/p><p>Lorsque vous remplissez l&rsquo;un de nos formulaires, les donn\u00e9es suivantes peuvent \u00eatre collect\u00e9es et\/ou enregistr\u00e9es.<\/p><p>Pour une personne physique :<br \/>Nom<br \/>Pr\u00e9nom<br \/>E-mail<br \/>Num\u00e9ro de t\u00e9l\u00e9phone<br \/>Adresse postale<\/p><p>Pour une entreprise :<br \/>Nom de la soci\u00e9t\u00e9<br \/>Adresse de la soci\u00e9t\u00e9<br \/>Site internet de la soci\u00e9t\u00e9<br \/>Num\u00e9ro de t\u00e9l\u00e9phone de la soci\u00e9t\u00e9<br \/>Adresse mail de contact de la soci\u00e9t\u00e9<br \/>N\u00b0 de TVA Intracommunautaire<br \/>N\u00b0 SIRET<\/p><p>Certaines donn\u00e9es peuvent \u00eatre \u00e9galement collect\u00e9es automatiquement du fait de vos actions sur le site. (voir paragraphe sur les cookies ci-dessous)<\/p><p>Les donn\u00e9es collect\u00e9es ne peuvent en aucun cas inclure des donn\u00e9es personnelles sensibles du type identifiant gouvernementaux (comme les num\u00e9ros de s\u00e9curit\u00e9 sociale, de permis de conduire ou les num\u00e9ros d&rsquo;identification de contribuables), num\u00e9ros complets de cartes de cr\u00e9dits ou num\u00e9ros de compte personnel, dossiers m\u00e9dicaux ou informations relatives \u00e0 des demandes de soins associ\u00e9es \u00e0 des personnes.<\/p><p><strong>Destinataire de donn\u00e9es coll\u00e9es sur le site<\/strong><\/p><p>Les donn\u00e9es personnelles vous concernant collect\u00e9es sont destin\u00e9es \u00e0 l&rsquo;utilisation exclusives des soci\u00e9t\u00e9s du groupe ENIGMATIC.<\/p><p>La base de donn\u00e9es de ENIGMATIC n&rsquo;est utilis\u00e9e que par ENIGMATIC qui s&rsquo;engage \u00e0 ne pas vendre, louer, partager ou divulguer vos donn\u00e9es nominatives \u00e0 des tiers \u00e0 l&rsquo;exception de la soci\u00e9t\u00e9 CNF INVEST dont elle est la marque, qui pourrait agir au nom d&rsquo;ENIGMATIC ou en relation avec l&rsquo;activit\u00e9 d&rsquo;ENIGMATIC et uniquement au regard de l&rsquo;utilisation pour laquelle elles ont \u00e9t\u00e9 initialement recueillies. Son traitement est s\u00e9curis\u00e9 et confin\u00e9 au r\u00e9seau interne.<\/p><p>Les informations recueillies sur ces sites font l&rsquo;objet d&rsquo;un traitement informatique destin\u00e9 aux activit\u00e9s commerciales et marketing de l&rsquo;\u00e9tablissement.<\/p><p>A noter que certaines informations sont proscrites de toute r\u00e9clamation, \u00e0 savoir :<br \/>les sites personnels ou blogs (si vous \u00eates un particulier),<br \/>les fichiers de liste d&rsquo;adresses cr\u00e9\u00e9s dans un but de communication ou d&rsquo;informations (cas des sites dits \u00ab vitrines \u00bb avec un simple formulaire de contact)<br \/>les fichiers concernant les membres et donateurs d&rsquo;une association<\/p><p><strong>Traitement, stockage et s\u00e9curit\u00e9 de vos donn\u00e9es personnelles<\/strong><\/p><p>L&rsquo;ensemble de vos donn\u00e9es personnelles sont trait\u00e9es, stock\u00e9es et utilis\u00e9es avec toute la s\u00e9curit\u00e9 n\u00e9cessaire par OVH serveur priv\u00e9 bas\u00e9 2 rue Kellermann \u00e0 Roubaix.<\/p><p>Ces donn\u00e9es peuvent, en fonction de vos actions sur notre site, \u00eatre \u00e9galement stock\u00e9es, g\u00e9r\u00e9es et utilis\u00e9es par des objets tiers, n\u00e9cessaires au bon fonctionnement de nos activit\u00e9s.<\/p><p>Aussi, nous nous assurons que ces outils respectent les normes fix\u00e9es par le nouveau r\u00e8glement g\u00e9n\u00e9ral de la protection des donn\u00e9es, en vigueur depuis le 25 mai 2018 au sein de l&rsquo;Union Europ\u00e9enne.<\/p><p><strong>Publicit\u00e9s en ligne\u00a0<\/strong><\/p><p><br \/>Notez que vos donn\u00e9es personnelles peuvent \u00e9galement \u00eatre utilis\u00e9 par ENIGMATIC \/ OVH dans le cadre de publicit\u00e9s visant \u00e0 promouvoir nos offres commerciales et partager avec des outils tiers.<\/p><p>Liste des plateformes pouvant \u00eatre li\u00e9es \u00e0 certaines de vos donn\u00e9es :<br \/>FACEBOOK ( incluant Facebook, Messenger et Instagram)<br \/>TWIITER<br \/>GOOGLE<br \/>LinkedIn<\/p><p><strong>E-mail marketing<\/strong><\/p><p>L&rsquo;ensemble de nos formulaires vous permettent de d\u00e9cider si vous souhaitez ou non acc\u00e9der \u00e0 nos offres commerciales et promotionnelles.<\/p><p>Vous pouvez d\u00e9cider de recevoir ou non ces e-mails, conform\u00e9ment au RGPD. Sans ce consentement explicite de votre part, et dans le cas o\u00f9 vous avez compl\u00e9t\u00e9 l&rsquo;un de nos formulaires, ENIGMATIC s&rsquo;engage \u00e0 ne vous envoyer que les e-mails n\u00e9cessaires au bon traitement de votre demande.<\/p><p>Ce consentement initial donn\u00e9 par vous m\u00eame peut \u00eatre r\u00e9voqu\u00e9 \u00e0 n&rsquo;importe quel moment. En effet, si vous ne souhaitez plus recevoir d&rsquo;e-mail de la part de ENIGMATIC, il vous suffit de cliquer sur les liens de d\u00e9sabonnement pr\u00e9vus \u00e0 cet effet et pr\u00e9sents dans tous nos mails, aussi bien ceux adress\u00e9s \u00e0 titre marketing que transactionnel.<\/p><p>Vous pouvez \u00e9galement nous contacter sur contact@enigmaticparis.fr,\u00a0 pour nous signaler ce souhait de r\u00e9vocation.<\/p><p><strong>Cookies et code de tracking<\/strong><\/p><p>Dans certains cas, ENIGMATIC pourra \u00eatre amen\u00e9 \u00e0 utiliser des cookies, ainsi que le code de tracking de certains outils.<\/p><p>A noter qu&rsquo;un cookie aussi nomm\u00e9 \u00ab traceur \u00bb ou \u00ab t\u00e9moin de connexion \u00bb est l \u2018\u00e9quivalent d&rsquo;un petit fichier texte stock\u00e9 sur le terminal de l&rsquo;internaute et contenant des informations relatives \u00e0 sa navigation sur internet : pages consult\u00e9es, date et heure de consultation, pr\u00e9f\u00e9rences quant aux param\u00e8tres des sites visit\u00e9s, reconnaissance de sa pr\u00e9sence sur des r\u00e9seaux sociaux \u00e0 travers les boutons de partage etc&#8230;<\/p><p>L&rsquo;utilisateur sera dans ce cas inform\u00e9 par un message \/une fen\u00eatre pop-up, d\u00e8s sa premi\u00e8re navigation, que le site utilise des cookies pour lui proposer des informations adapt\u00e9es \u00e0 ses centres d&rsquo;int\u00e9r\u00eats, pour lui sugg\u00e9rer des publicit\u00e9s cibl\u00e9es ainsi que pour mesurer l&rsquo;audience du site.<\/p><p>Le site ENIGMATIC s&rsquo;engage \u00e0 ce que ces cookies ne permettent pas l&rsquo;identification personnelle de l&rsquo;utilisateur, ni toute utilisation de ses donn\u00e9es personnelles par des tiers.<\/p><p>A noter que la dur\u00e9e de conversation de ces \u00ab cookies \u00bb dans l&rsquo;ordinateur de l&rsquo;utilisateur ne peut exc\u00e9der 1 mois. Le consentement de l&rsquo;utilisateur concernant les cookies par le site \u00e9tant quant \u00e0 lui valable pendant 13 mois maximum, conform\u00e9ment \u00e0 l&rsquo;article 32-II de la loi du 6 janvier 1978, modifi\u00e9 par l&rsquo;ordonnance n\u00b02011-1012 du 24 ao\u00fbt 2011, l&rsquo;utilisateur devra, une fois ce d\u00e9lai pass\u00e9, r\u00e9it\u00e9rer ou non son consentement.<\/p><p>L&rsquo;utilisateur peut, s&rsquo;il le souhaite, s&rsquo;opposer \u00e0 la mise en place de cookie. Pour cela, ce dernier peut &#8211; soit refuser l&rsquo;utilisation des cookies lors de sa premi\u00e8re connexion sur le site en cliquant sur le bandeau pr\u00e9vu \u00e0 cet effet, auquel cas il ne nous sera alors plus possible de lui offrir toutes les fonctionnalit\u00e9s de notre site, voire d&rsquo;en rendre inaccessibles certaines parties. &#8211; soit configurer son navigateur Internet via les param\u00e8tres ad\u00e9quats (d\u00e9sactivation des cookies, choix d&rsquo;une navigation s\u00e9curis\u00e9e priv\u00e9e, mise en place d&rsquo;une \u00ab confidentialit\u00e9 haute \u00bb, etc).<\/p><p>La configuration de chaque navigateur \u00e9tant diff\u00e9rente, la proc\u00e9dure permettant de modifier ses souhaits en mati\u00e8re de cookies est d\u00e9crite dans le menu d&rsquo;aide dudit navigateur ; Ces informations sont \u00e9galement disponibles sur le site du CNIL (htpp:\/\/www.cnil.fr\/vos-droits\/vos-traces\/les cookies\/)<\/p><ul><li>Chrome : https:\/\/support.google.com\/chrome\/answer\/95647?hl=fr&amp;ref_topic=14666<\/li><li>Internet Explorer : http:\/\/windows.microsoft.com\/fr-fr\/windows7\/block-enable-or-allow-cookies<\/li><li>Firefox : http:\/\/support.mozilla.org\/fr\/kb\/activer-desactiver-cookies?redirectlocale=en-US&amp;redirectslug=Enabling+and+disabling+cookies<\/li><li>Safari : http:\/\/support.apple.com\/kb\/HT1677?viewlocale=fr_FR&amp;locale=fr_FR<\/li><li>Op\u00e9ra : http:\/\/www.opera.com\/help\/tutorials\/security\/cookies\/<\/li><\/ul><p><strong>Modification de la Politique de Confidentialit\u00e9<\/strong><\/p><p>ENIGMATIC se r\u00e9serve le droit de modifier la pr\u00e9sente Politique de Confidentialit\u00e9 \u00e0 tous moments, notamment en application des changements apport\u00e9s aux lois en vigueur.<\/p><p>D&rsquo;autre part, en cas de modification m\u00eame minime, nous nous engageons \u00e0 vous en informer par mail ou via notre site internet, 30 jours (dans la mesure du possible) avant l&rsquo;application de ces modifications.<\/p><p>Nous vous conseillons \u00e9galement de v\u00e9rifier cette page r\u00e9guli\u00e8rement afin de rester inform\u00e9, en temps r\u00e9el, de nos proc\u00e9dures et r\u00e8gles relatives \u00e0 vos donn\u00e9es personnelles.<\/p><p><strong>Droits d&rsquo;acc\u00e8s, de rectification et droit \u00e0 l&rsquo;oubli<\/strong><\/p><p>Conform\u00e9ment au RGPD et \u00e0 la loi \u00ab informatique et libert\u00e9 \u00bb n\u00b078-17 du 6 janvier 1978, vous disposez d&rsquo;un droit d&rsquo;acc\u00e8s et de suppression, de vos donn\u00e9es personnelles d\u00e9tenues par ENIGMATIC\/OVH.<\/p><p>Vous pouvez exercer ce droit \u00e0 n&rsquo;importe quel moment sur simple demande en nous contactant par mail \u00e0 contact@enigmaticparis.fr<\/p><p>Ou en par voie postale en \u00e9crivant \u00e0 :<br \/>ENIGMATIC (Paris) 8 avenue James de Rothschild 77164.FERRIERES en BRIE<\/p>\t\t\t\t\t\t<\/div>\n\t\t\t\t<\/div>\n\t\t\t\t\t<\/div>\n\t\t\t\t<\/div>\n\t\t\t\t<\/div>\n\t\t","protected":false},"excerpt":{"rendered":"<p>Mentions l\u00e9gales Conform\u00e9ment aux dispositions des articles 6-III et 19 de la loi pour la Confiance dans l&rsquo;\u00c9conomie Num\u00e9rique, nous vous informons que : \u2022 D\u00e9nomination \/ Nom commercial : Enigmatic Live Escape Game\u2022 Si\u00e8ge social : 8, avenue James De Rothschild &#8211; 77164 FERRI\u00c8RES EN BRIE\u2022 Soci\u00e9t\u00e9 : SAS Enigame MLV\u2022 Directeur de publication [&hellip;]<\/p>\n","protected":false},"author":2,"featured_media":0,"parent":0,"menu_order":0,"comment_status":"closed","ping_status":"closed","template":"","meta":{"footnotes":""},"class_list":["post-107","page","type-page","status-publish","hentry","entry","owp-thumbs-layout-horizontal","owp-btn-normal","owp-tabs-layout-horizontal","has-no-thumbnails"],"jetpack_sharing_enabled":true,"_links":{"self":[{"href":"https:\/\/enigmaticescapegame.fr\/index.php\/wp-json\/wp\/v2\/pages\/107","targetHints":{"allow":["GET"]}}],"collection":[{"href":"https:\/\/enigmaticescapegame.fr\/index.php\/wp-json\/wp\/v2\/pages"}],"about":[{"href":"https:\/\/enigmaticescapegame.fr\/index.php\/wp-json\/wp\/v2\/types\/page"}],"author":[{"embeddable":true,"href":"https:\/\/enigmaticescapegame.fr\/index.php\/wp-json\/wp\/v2\/users\/2"}],"replies":[{"embeddable":true,"href":"https:\/\/enigmaticescapegame.fr\/index.php\/wp-json\/wp\/v2\/comments?post=107"}],"version-history":[{"count":9,"href":"https:\/\/enigmaticescapegame.fr\/index.php\/wp-json\/wp\/v2\/pages\/107\/revisions"}],"predecessor-version":[{"id":186,"href":"https:\/\/enigmaticescapegame.fr\/index.php\/wp-json\/wp\/v2\/pages\/107\/revisions\/186"}],"wp:attachment":[{"href":"https:\/\/enigmaticescapegame.fr\/index.php\/wp-json\/wp\/v2\/media?parent=107"}],"curies":[{"name":"wp","href":"https:\/\/api.w.org\/{rel}","templated":true}]}}